{"id":10312,"date":"2023-09-10T12:36:43","date_gmt":"2023-09-10T10:36:43","guid":{"rendered":"https:\/\/preprod.tocndix.com\/?page_id=10312"},"modified":"2024-05-06T13:47:18","modified_gmt":"2024-05-06T11:47:18","slug":"banques-et-assurances","status":"publish","type":"page","link":"https:\/\/preprod.tocndix.com\/fr\/banques-et-assurances\/","title":{"rendered":"Banques et Assurances"},"content":{"rendered":"<p>[et_pb_section fb_built=&#8221;1&#8243; _builder_version=&#8221;4.22.1&#8243; _module_preset=&#8221;default&#8221; background_color=&#8221;gcid-f743be1f-46bf-4685-bc55-7e8b347eb98d&#8221; background_image=&#8221;https:\/\/preprod.tocndix.com\/wp-content\/uploads\/2023\/08\/line-bg-blue-navy-10.svg&#8221; custom_margin=&#8221;||||false|false&#8221; custom_padding=&#8221;||48px|||&#8221; da_disable_devices=&#8221;off|off|off&#8221; locked=&#8221;off&#8221; global_colors_info=&#8221;{%22gcid-f743be1f-46bf-4685-bc55-7e8b347eb98d%22:%91%22background_color%22%93}&#8221; da_is_popup=&#8221;off&#8221; da_exit_intent=&#8221;off&#8221; da_has_close=&#8221;on&#8221; da_alt_close=&#8221;off&#8221; da_dark_close=&#8221;off&#8221; da_not_modal=&#8221;on&#8221; da_is_singular=&#8221;off&#8221; da_with_loader=&#8221;off&#8221; da_has_shadow=&#8221;on&#8221;][et_pb_row _builder_version=&#8221;4.21.0&#8243; _module_preset=&#8221;default&#8221; global_colors_info=&#8221;{}&#8221;][et_pb_column type=&#8221;4_4&#8243; _builder_version=&#8221;4.21.0&#8243; _module_preset=&#8221;default&#8221; global_colors_info=&#8221;{}&#8221;][et_pb_text _builder_version=&#8221;4.22.1&#8243; _module_preset=&#8221;default&#8221; header_font=&#8221;Albert Sans|600|||||||&#8221; header_text_color=&#8221;#FFFFFF&#8221; header_font_size=&#8221;57px&#8221; header_line_height=&#8221;1.3em&#8221; header_4_font=&#8221;Albert Sans|||on|||||&#8221; header_4_text_color=&#8221;#FFFFFF&#8221; header_4_letter_spacing=&#8221;1px&#8221; custom_margin=&#8221;||33px|||&#8221; header_font_size_tablet=&#8221;50px&#8221; header_font_size_phone=&#8221;40px&#8221; header_font_size_last_edited=&#8221;on|phone&#8221; header_4_font_size_tablet=&#8221;14px&#8221; header_4_font_size_phone=&#8221;14px&#8221; header_4_font_size_last_edited=&#8221;on|phone&#8221; locked=&#8221;off&#8221; global_colors_info=&#8221;{}&#8221; header_4_font_size__hover_enabled=&#8221;off|desktop&#8221;]<\/p>\n<h4>Cas Client<\/h4>\n<h1>Banques et Assurances<\/h1>\n<p>[\/et_pb_text][\/et_pb_column][\/et_pb_row][\/et_pb_section][et_pb_section fb_built=&#8221;1&#8243; _builder_version=&#8221;4.21.0&#8243; _module_preset=&#8221;default&#8221; custom_padding=&#8221;||2px|||&#8221; da_disable_devices=&#8221;off|off|off&#8221; global_colors_info=&#8221;{}&#8221; da_is_popup=&#8221;off&#8221; da_exit_intent=&#8221;off&#8221; da_has_close=&#8221;on&#8221; da_alt_close=&#8221;off&#8221; da_dark_close=&#8221;off&#8221; da_not_modal=&#8221;on&#8221; da_is_singular=&#8221;off&#8221; da_with_loader=&#8221;off&#8221; da_has_shadow=&#8221;on&#8221;][et_pb_row _builder_version=&#8221;4.21.0&#8243; _module_preset=&#8221;default&#8221; custom_padding=&#8221;0px|||||&#8221; global_colors_info=&#8221;{}&#8221;][et_pb_column type=&#8221;4_4&#8243; _builder_version=&#8221;4.21.0&#8243; _module_preset=&#8221;default&#8221; global_colors_info=&#8221;{}&#8221;][et_pb_image src=&#8221;https:\/\/preprod.tocndix.com\/wp-content\/uploads\/2023\/09\/banques-et-assurance.jpg&#8221; title_text=&#8221;banques et assurance&#8221; force_fullwidth=&#8221;on&#8221; _builder_version=&#8221;4.22.1&#8243; _module_preset=&#8221;default&#8221; custom_margin=&#8221;-132px|||||&#8221; global_colors_info=&#8221;{}&#8221; height__hover_enabled=&#8221;off|desktop&#8221;][\/et_pb_image][\/et_pb_column][\/et_pb_row][et_pb_row _builder_version=&#8221;4.16&#8243; custom_margin=&#8221;|auto|-4px|auto||&#8221; custom_padding=&#8221;||5px|||&#8221; locked=&#8221;off&#8221; global_colors_info=&#8221;{}&#8221;][et_pb_column type=&#8221;4_4&#8243; _builder_version=&#8221;4.16&#8243; custom_padding=&#8221;|||&#8221; global_colors_info=&#8221;{}&#8221; custom_padding__hover=&#8221;|||&#8221;][et_pb_text _builder_version=&#8221;4.21.0&#8243; _module_preset=&#8221;default&#8221; header_3_font=&#8221;Albert Sans|600|||||||&#8221; header_3_text_color=&#8221;gcid-f4734f53-07b0-41bc-9479-29f3dd377a29&#8243; header_3_font_size=&#8221;13px&#8221; header_3_letter_spacing=&#8221;1px&#8221; custom_margin=&#8221;||1px|||&#8221; global_colors_info=&#8221;{%22gcid-f4734f53-07b0-41bc-9479-29f3dd377a29%22:%91%22header_3_text_color%22%93}&#8221;]<\/p>\n<h3>UNE APPROCHE INNOVANTE<\/h3>\n<p>[\/et_pb_text][et_pb_text _builder_version=&#8221;4.22.1&#8243; text_font=&#8221;||||||||&#8221; header_font=&#8221;||||||||&#8221; header_text_align=&#8221;left&#8221; header_text_color=&#8221;#2b2b2b&#8221; header_line_height=&#8221;1.3em&#8221; header_2_font=&#8221;Albert Sans|700|||||||&#8221; header_2_text_align=&#8221;left&#8221; header_2_text_color=&#8221;#2a2b3d&#8221; header_2_font_size=&#8221;38px&#8221; header_2_line_height=&#8221;1.2em&#8221; text_orientation=&#8221;center&#8221; module_alignment=&#8221;center&#8221; custom_margin=&#8221;||10px|&#8221; header_2_font_size_tablet=&#8221;33px&#8221; header_2_font_size_phone=&#8221;30px&#8221; header_2_font_size_last_edited=&#8221;on|phone&#8221; locked=&#8221;off&#8221; global_colors_info=&#8221;{}&#8221;]<\/p>\n<h2>Nos clients proviennent de differents secteurs<\/h2>\n<p>[\/et_pb_text][\/et_pb_column][\/et_pb_row][\/et_pb_section][et_pb_section fb_built=&#8221;1&#8243; specialty=&#8221;on&#8221; _builder_version=&#8221;4.21.0&#8243; _module_preset=&#8221;default&#8221; custom_padding=&#8221;3px||15px|||&#8221; da_disable_devices=&#8221;off|off|off&#8221; locked=&#8221;off&#8221; global_colors_info=&#8221;{}&#8221; da_is_popup=&#8221;off&#8221; da_exit_intent=&#8221;off&#8221; da_has_close=&#8221;on&#8221; da_alt_close=&#8221;off&#8221; da_dark_close=&#8221;off&#8221; da_not_modal=&#8221;on&#8221; da_is_singular=&#8221;off&#8221; da_with_loader=&#8221;off&#8221; da_has_shadow=&#8221;on&#8221;][et_pb_column type=&#8221;1_2&#8243; _builder_version=&#8221;4.16&#8243; custom_padding=&#8221;|||&#8221; global_colors_info=&#8221;{}&#8221; custom_padding__hover=&#8221;|||&#8221;][et_pb_text _builder_version=&#8221;4.22.1&#8243; _module_preset=&#8221;default&#8221; text_font=&#8221;Albert-sans-Regular||||||||&#8221; text_text_color=&#8221;gcid-4e1a4293-6847-4a8b-8670-1037625c3a21&#8243; text_font_size=&#8221;16px&#8221; header_3_font=&#8221;Albert Sans|600|||||||&#8221; header_3_line_height=&#8221;1.4em&#8221; custom_margin=&#8221;|-18px||||&#8221; text_font_size_tablet=&#8221;16px&#8221; text_font_size_phone=&#8221;16px&#8221; text_font_size_last_edited=&#8221;on|phone&#8221; header_3_font_size_tablet=&#8221;19px&#8221; header_3_font_size_phone=&#8221;19px&#8221; header_3_font_size_last_edited=&#8221;on|phone&#8221; global_colors_info=&#8221;{%22gcid-4e1a4293-6847-4a8b-8670-1037625c3a21%22:%91%22text_text_color%22,%22text_text_color%22%93,%22gcid-b45890b6-6570-417c-9d10-2c1f88792be0%22:%91%22text_text_color%22,%22text_text_color%22,%22text_text_color%22%93}&#8221;]<\/p>\n<h3>Tocndix pr\u00e9sente son application innovante dans le domaine de l&#8217;affacturage.<\/h3>\n<p>Gr\u00e2ce \u00e0 l&#8217;utilisation de la technologie Low code, nous avons pu d\u00e9velopper une application moderne, efficace, fluide et flexible. Notre application se concentre principalement sur la gestion des relances et de l&#8217;escalade pour chaque facture, en fonction du niveau d&#8217;anciennet\u00e9 et de la criticit\u00e9 de chaque client. Avec notre outil, vous pouvez automatiquement g\u00e9n\u00e9rer des e-mails et des courriers \u00e0 l&#8217;attention des mauvais payeurs.<br \/>L&#8217;application dispose de 4 niveaux d&#8217;escalade, et vous avez la possibilit\u00e9 de param\u00e9trer tous les aspects, tels que les d\u00e9lais et les crit\u00e8res. Cette flexibilit\u00e9 vous permet d&#8217;adapter l&#8217;application en fonction de vos besoins sp\u00e9cifiques. De plus, notre application est multilingue, ce qui vous permet de l&#8217;utiliser dans la langue de votre choix, facilitant ainsi la communication avec vos clients \u00e0 l&#8217;international.<br \/>Gr\u00e2ce \u00e0 notre application d&#8217;affacturage, vous pouvez optimiser et automatiser le processus de relance des factures, am\u00e9liorant ainsi votre cash-flow et r\u00e9duisant les retards de paiement. Avec son interface conviviale et ses fonctionnalit\u00e9s puissantes, notre application vous aide \u00e0 g\u00e9rer efficacement vos op\u00e9rations de recouvrement et \u00e0 maintenir de bonnes relations avec vos clients.<\/p>\n<p>[\/et_pb_text][\/et_pb_column][et_pb_column type=&#8221;1_2&#8243; specialty_columns=&#8221;2&#8243; _builder_version=&#8221;4.16&#8243; custom_padding=&#8221;|||&#8221; global_colors_info=&#8221;{}&#8221; custom_padding__hover=&#8221;|||&#8221;][et_pb_row_inner _builder_version=&#8221;4.22.1&#8243; _module_preset=&#8221;default&#8221; background_color=&#8221;#e8f2f7&#8243; custom_margin=&#8221;90px||||false|false&#8221; custom_padding=&#8221;7px||35px||false|false&#8221; global_colors_info=&#8221;{}&#8221;][et_pb_column_inner saved_specialty_column_type=&#8221;1_2&#8243; _builder_version=&#8221;4.22.1&#8243; _module_preset=&#8221;default&#8221; background_enable_color=&#8221;off&#8221; custom_padding=&#8221;40px|35px|0px|35px|false|true&#8221; global_colors_info=&#8221;{}&#8221;][et_pb_text _builder_version=&#8221;4.22.1&#8243; _module_preset=&#8221;default&#8221; text_font=&#8221;Albert-sans-Regular||||||||&#8221; text_text_color=&#8221;gcid-f743be1f-46bf-4685-bc55-7e8b347eb98d&#8221; text_font_size=&#8221;15px&#8221; header_3_font=&#8221;Albert Sans|600|||||||&#8221; header_3_line_height=&#8221;1.6em&#8221; text_font_size_tablet=&#8221;16px&#8221; text_font_size_phone=&#8221;16px&#8221; text_font_size_last_edited=&#8221;on|phone&#8221; global_colors_info=&#8221;{%22gcid-f743be1f-46bf-4685-bc55-7e8b347eb98d%22:%91%22text_text_color%22%93}&#8221;]<\/p>\n<h3>A savoir!<\/h3>\n<p>Avec <strong>364.9 milliards<\/strong> de cr\u00e9ances prises en charge par les soci\u00e9t\u00e9 d\u2019affacturage le march\u00e9 renoue avec la croissance par rapport \u00e0 2020 qui avait g\u00e9r\u00e9 <strong>323.5 milliards<\/strong> d\u2019euros de cr\u00e9ances.<\/p>\n<p>Cela repr\u00e9sente <strong>41.4 milliards d\u2019euros<\/strong> de cr\u00e9ances suppl\u00e9mentaires prises en charge et une croissance de <strong>+12.8%<\/strong>.<\/p>\n<p>[\/et_pb_text][\/et_pb_column_inner][\/et_pb_row_inner][et_pb_row_inner column_structure=&#8221;1_2,1_2&#8243; disabled_on=&#8221;on|on|on&#8221; _builder_version=&#8221;4.22.1&#8243; _module_preset=&#8221;default&#8221; background_color=&#8221;#e8f2f7&#8243; disabled=&#8221;on&#8221; global_colors_info=&#8221;{}&#8221;][et_pb_column_inner type=&#8221;1_2&#8243; saved_specialty_column_type=&#8221;1_2&#8243; _builder_version=&#8221;4.21.0&#8243; _module_preset=&#8221;default&#8221; global_colors_info=&#8221;{}&#8221;][et_pb_number_counter title=&#8221;Applications&#8221; number=&#8221;100&#8243; percent_sign=&#8221;off&#8221; _builder_version=&#8221;4.21.0&#8243; _module_preset=&#8221;default&#8221; title_font=&#8221;Albert Sans|500|||||||&#8221; title_text_color=&#8221;gcid-f4734f53-07b0-41bc-9479-29f3dd377a29&#8243; title_font_size=&#8221;16px&#8221; number_font=&#8221;Albert Sans|700|||||||&#8221; number_text_color=&#8221;gcid-f4734f53-07b0-41bc-9479-29f3dd377a29&#8243; custom_css_number_counter_title=&#8221;margin-top: -12px;||&#8221; locked=&#8221;off&#8221; global_colors_info=&#8221;{%22gcid-f4734f53-07b0-41bc-9479-29f3dd377a29%22:%91%22title_text_color%22,%22number_text_color%22%93}&#8221;][\/et_pb_number_counter][\/et_pb_column_inner][et_pb_column_inner type=&#8221;1_2&#8243; saved_specialty_column_type=&#8221;1_2&#8243; _builder_version=&#8221;4.21.0&#8243; _module_preset=&#8221;default&#8221; global_colors_info=&#8221;{}&#8221;][et_pb_number_counter title=&#8221;Applications&#8221; number=&#8221;100&#8243; percent_sign=&#8221;off&#8221; _builder_version=&#8221;4.21.0&#8243; _module_preset=&#8221;default&#8221; title_font=&#8221;Albert Sans|500|||||||&#8221; title_text_color=&#8221;gcid-f4734f53-07b0-41bc-9479-29f3dd377a29&#8243; title_font_size=&#8221;16px&#8221; number_font=&#8221;Albert Sans|700|||||||&#8221; number_text_color=&#8221;gcid-f4734f53-07b0-41bc-9479-29f3dd377a29&#8243; custom_css_number_counter_title=&#8221;margin-top: -12px;||&#8221; locked=&#8221;off&#8221; global_colors_info=&#8221;{%22gcid-f4734f53-07b0-41bc-9479-29f3dd377a29%22:%91%22title_text_color%22,%22number_text_color%22%93}&#8221;][\/et_pb_number_counter][\/et_pb_column_inner][\/et_pb_row_inner][\/et_pb_column][\/et_pb_section][et_pb_section fb_built=&#8221;1&#8243; _builder_version=&#8221;4.22.1&#8243; _module_preset=&#8221;default&#8221; background_color=&#8221;gcid-f743be1f-46bf-4685-bc55-7e8b347eb98d&#8221; background_enable_image=&#8221;off&#8221; custom_padding=&#8221;28px||16px|||&#8221; da_disable_devices=&#8221;off|off|off&#8221; global_colors_info=&#8221;{%22gcid-f743be1f-46bf-4685-bc55-7e8b347eb98d%22:%91%22background_color%22%93}&#8221; global_module=&#8221;13738&#8243; theme_builder_area=&#8221;post_content&#8221; da_is_popup=&#8221;off&#8221; da_exit_intent=&#8221;off&#8221; da_has_close=&#8221;on&#8221; da_alt_close=&#8221;off&#8221; da_dark_close=&#8221;off&#8221; da_not_modal=&#8221;on&#8221; da_is_singular=&#8221;off&#8221; da_with_loader=&#8221;off&#8221; da_has_shadow=&#8221;on&#8221;][et_pb_row _builder_version=&#8221;4.21.0&#8243; _module_preset=&#8221;default&#8221; custom_padding=&#8221;||22px|||&#8221; global_colors_info=&#8221;{}&#8221; theme_builder_area=&#8221;post_content&#8221;][et_pb_column type=&#8221;4_4&#8243; _builder_version=&#8221;4.21.0&#8243; _module_preset=&#8221;default&#8221; global_colors_info=&#8221;{}&#8221; theme_builder_area=&#8221;post_content&#8221;][et_pb_text _builder_version=&#8221;4.22.1&#8243; _module_preset=&#8221;default&#8221; header_6_font=&#8221;Albert Sans|600|||||||&#8221; header_6_text_align=&#8221;center&#8221; header_6_text_color=&#8221;#FFFFFF&#8221; header_6_font_size=&#8221;26px&#8221; header_6_line_height=&#8221;1.2em&#8221; module_alignment=&#8221;center&#8221; custom_margin=&#8221;||5px|||&#8221; header_6_font_size_tablet=&#8221;22px&#8221; header_6_font_size_phone=&#8221;21px&#8221; header_6_font_size_last_edited=&#8221;on|tablet&#8221; header_6_line_height_tablet=&#8221;1.4em&#8221; header_6_line_height_phone=&#8221;1.3em&#8221; header_6_line_height_last_edited=&#8221;on|tablet&#8221; global_colors_info=&#8221;{}&#8221; theme_builder_area=&#8221;post_content&#8221;]<\/p>\n<h6>Vous envisagez de passer au Low-code?<br \/>Prenez RDV pour un \u00e9change gratuit avec nos consultants<\/h6>\n<p>[\/et_pb_text][et_pb_button button_url=&#8221;@ET-DC@eyJkeW5hbWljIjp0cnVlLCJjb250ZW50IjoicG9zdF9saW5rX3VybF9wYWdlIiwic2V0dGluZ3MiOnsicG9zdF9pZCI6Ijk3OTYifX0=@&#8221; button_text=&#8221;Je prends rendez-vous&#8221; button_alignment=&#8221;center&#8221; _builder_version=&#8221;4.22.1&#8243; _dynamic_attributes=&#8221;button_url&#8221; custom_button=&#8221;on&#8221; button_text_size=&#8221;16px&#8221; button_text_color=&#8221;#ffffff&#8221; button_bg_color=&#8221;gcid-f4734f53-07b0-41bc-9479-29f3dd377a29&#8243; button_border_width=&#8221;0px&#8221; button_border_radius=&#8221;44px&#8221; button_letter_spacing=&#8221;0px&#8221; button_font=&#8221;Albert Sans|600|||||||&#8221; button_use_icon=&#8221;off&#8221; custom_margin=&#8221;6px|||||&#8221; custom_padding=&#8221;12px|28px|12px|28px&#8221; button_letter_spacing_hover=&#8221;2px&#8221; global_colors_info=&#8221;{%22gcid-f4734f53-07b0-41bc-9479-29f3dd377a29%22:%91%22button_bg_color%22%93}&#8221; button_text_size__hover_enabled=&#8221;off&#8221; button_one_text_size__hover_enabled=&#8221;off&#8221; button_two_text_size__hover_enabled=&#8221;off&#8221; button_text_color__hover_enabled=&#8221;off&#8221; button_one_text_color__hover_enabled=&#8221;off&#8221; button_two_text_color__hover_enabled=&#8221;off&#8221; button_border_width__hover_enabled=&#8221;off&#8221; button_one_border_width__hover_enabled=&#8221;off&#8221; button_two_border_width__hover_enabled=&#8221;off&#8221; button_border_color__hover_enabled=&#8221;off&#8221; button_one_border_color__hover_enabled=&#8221;off&#8221; button_two_border_color__hover_enabled=&#8221;off&#8221; button_border_radius__hover_enabled=&#8221;off&#8221; button_one_border_radius__hover_enabled=&#8221;off&#8221; button_two_border_radius__hover_enabled=&#8221;off&#8221; button_letter_spacing__hover_enabled=&#8221;on|hover&#8221; button_letter_spacing__hover=&#8221;0px&#8221; button_one_letter_spacing__hover_enabled=&#8221;off&#8221; button_two_letter_spacing__hover_enabled=&#8221;off&#8221; button_bg_color__hover_enabled=&#8221;off&#8221; button_one_bg_color__hover_enabled=&#8221;off&#8221; button_two_bg_color__hover_enabled=&#8221;off&#8221; theme_builder_area=&#8221;post_content&#8221;][\/et_pb_button][\/et_pb_column][\/et_pb_row][\/et_pb_section][et_pb_section fb_built=&#8221;1&#8243; disabled_on=&#8221;off|off|off&#8221; _builder_version=&#8221;4.22.1&#8243; _module_preset=&#8221;default&#8221; da_disable_devices=&#8221;off|off|off&#8221; locked=&#8221;off&#8221; global_colors_info=&#8221;{}&#8221; da_is_popup=&#8221;off&#8221; da_exit_intent=&#8221;off&#8221; da_has_close=&#8221;on&#8221; da_alt_close=&#8221;off&#8221; da_dark_close=&#8221;off&#8221; da_not_modal=&#8221;on&#8221; da_is_singular=&#8221;off&#8221; da_with_loader=&#8221;off&#8221; da_has_shadow=&#8221;on&#8221;][et_pb_row _builder_version=&#8221;4.22.1&#8243; _module_preset=&#8221;default&#8221; global_colors_info=&#8221;{}&#8221;][et_pb_column type=&#8221;4_4&#8243; _builder_version=&#8221;4.21.0&#8243; _module_preset=&#8221;default&#8221; global_colors_info=&#8221;{}&#8221;][et_pb_text _builder_version=&#8221;4.22.1&#8243; _module_preset=&#8221;default&#8221; text_font=&#8221;Albert-sans-Regular||||||||&#8221; text_text_color=&#8221;gcid-4e1a4293-6847-4a8b-8670-1037625c3a21&#8243; text_font_size=&#8221;16px&#8221; header_3_font=&#8221;Albert Sans|600|||||||&#8221; header_3_line_height=&#8221;1.4em&#8221; custom_margin=&#8221;|-18px||||&#8221; text_font_size_tablet=&#8221;16px&#8221; text_font_size_phone=&#8221;16px&#8221; text_font_size_last_edited=&#8221;on|phone&#8221; header_3_font_size_tablet=&#8221;19px&#8221; header_3_font_size_phone=&#8221;19px&#8221; header_3_font_size_last_edited=&#8221;on|phone&#8221; global_colors_info=&#8221;{%22gcid-4e1a4293-6847-4a8b-8670-1037625c3a21%22:%91%22text_text_color%22%93,%22gcid-b45890b6-6570-417c-9d10-2c1f88792be0%22:%91%22text_text_color%22,%22text_text_color%22%93}&#8221;]<\/p>\n<h3>L\u2019assurance, secteur en pleine transformation<\/h3>\n<p>Le monde de l\u2019assurance a subi une v\u00e9ritable r\u00e9volution digitale ces derni\u00e8res ann\u00e9es. Les entreprises d&#8217;assurance doivent moderniser leurs processus et s&#8217;adapter \u00e0 un environnement en constante \u00e9volution, impliquant de nombreux partenaires et m\u00e9tiers nouveaux.<\/p>\n<h3>De nombreuses solutions via le Low Code<\/h3>\n<p>Depuis plusieurs ann\u00e9es Tocndix s\u2019est sp\u00e9cialis\u00e9 \u2013 entre autres \u2013 sur les besoins de modernisation des grands groupes d&#8217;assurance en Europe et de digitalisation de leurs m\u00e9tiers. A ce titre de nombreuses applications sont en production chez nos clients : Relance et Escalade (dunning) dans le recouvrement de factures en propre ou en service SaaS pour les clients PME de la compagnie d\u2019assurance, Sales Configurator pour aider les commerciaux \u00e0 vendre des polices complexes, ou encore le calcul de risque r\u00e9siduel pour l\u2019assurance de biens commerciaux ou d\u2019activit\u00e9s nouvelles d\u2019une Entreprise.<\/p>\n<h3>Nos clients tirent le meilleur profit des professionnels de Tocndix<\/h3>\n<p>Avec notre expertise en d\u00e9veloppement Agile et en low-code, nous sommes en mesure de d\u00e9velopper rapidement et efficacement des applications adapt\u00e9es aux besoins sp\u00e9cifiques des compagnies d&#8217;assurance. Nous sommes \u00e9galement sp\u00e9cialis\u00e9s dans l&#8217;utilisation de la plateforme Mendix pour r\u00e9pondre aux enjeux de l&#8217;assurance moderne, offrant ainsi des solutions agiles, flexibles et \u00e9volutives pour accompagner nos clients vers la r\u00e9ussite.<\/p>\n<p>[\/et_pb_text][\/et_pb_column][\/et_pb_row][\/et_pb_section]<\/p>\n","protected":false},"excerpt":{"rendered":"<p>Cas Client Banques et AssurancesUNE APPROCHE INNOVANTENos clients proviennent de differents secteursTocndix pr\u00e9sente son application innovante dans le domaine de l&#8217;affacturage. Gr\u00e2ce \u00e0 l&#8217;utilisation de la technologie Low code, nous avons pu d\u00e9velopper une application moderne, efficace, fluide et flexible. Notre application se concentre principalement sur la gestion des relances et de l&#8217;escalade pour chaque [&hellip;]<\/p>\n","protected":false},"author":5,"featured_media":0,"parent":0,"menu_order":0,"comment_status":"closed","ping_status":"closed","template":"","meta":{"_et_pb_use_builder":"on","_et_pb_old_content":"","_et_gb_content_width":"","inline_featured_image":false,"_exactmetrics_skip_tracking":false,"_exactmetrics_sitenote_active":false,"_exactmetrics_sitenote_note":"","_exactmetrics_sitenote_category":0,"footnotes":""},"class_list":["post-10312","page","type-page","status-publish","hentry"],"yoast_head":"<!-- This site is optimized with the Yoast SEO plugin v22.6 - https:\/\/yoast.com\/wordpress\/plugins\/seo\/ -->\n<title>Banques et Assurances - Tocndix<\/title>\n<meta name=\"robots\" content=\"noindex, follow, max-snippet:-1, max-image-preview:large, max-video-preview:-1\" \/>\n<meta property=\"og:locale\" content=\"fr_FR\" \/>\n<meta property=\"og:type\" content=\"article\" \/>\n<meta property=\"og:title\" content=\"Banques et Assurances - Tocndix\" \/>\n<meta property=\"og:description\" content=\"Cas Client Banques et AssurancesUNE APPROCHE INNOVANTENos clients proviennent de differents secteursTocndix pr\u00e9sente son application innovante dans le domaine de l&#039;affacturage. Gr\u00e2ce \u00e0 l&#039;utilisation de la technologie Low code, nous avons pu d\u00e9velopper une application moderne, efficace, fluide et flexible. Notre application se concentre principalement sur la gestion des relances et de l&#039;escalade pour chaque [&hellip;]\" \/>\n<meta property=\"og:url\" content=\"https:\/\/preprod.tocndix.com\/fr\/banques-et-assurances\/\" \/>\n<meta property=\"og:site_name\" content=\"Tocndix\" \/>\n<meta property=\"article:modified_time\" content=\"2024-05-06T11:47:18+00:00\" \/>\n<meta name=\"twitter:card\" content=\"summary_large_image\" \/>\n<meta name=\"twitter:label1\" content=\"Est. reading time\" \/>\n\t<meta name=\"twitter:data1\" content=\"5 minutes\" \/>\n<script type=\"application\/ld+json\" class=\"yoast-schema-graph\">{\"@context\":\"https:\/\/schema.org\",\"@graph\":[{\"@type\":\"WebPage\",\"@id\":\"https:\/\/preprod.tocndix.com\/fr\/banques-et-assurances\/\",\"url\":\"https:\/\/preprod.tocndix.com\/fr\/banques-et-assurances\/\",\"name\":\"Banques et Assurances - Tocndix\",\"isPartOf\":{\"@id\":\"https:\/\/preprod.tocndix.com\/fr\/#website\"},\"datePublished\":\"2023-09-10T10:36:43+00:00\",\"dateModified\":\"2024-05-06T11:47:18+00:00\",\"breadcrumb\":{\"@id\":\"https:\/\/preprod.tocndix.com\/fr\/banques-et-assurances\/#breadcrumb\"},\"inLanguage\":\"fr-FR\",\"potentialAction\":[{\"@type\":\"ReadAction\",\"target\":[\"https:\/\/preprod.tocndix.com\/fr\/banques-et-assurances\/\"]}]},{\"@type\":\"BreadcrumbList\",\"@id\":\"https:\/\/preprod.tocndix.com\/fr\/banques-et-assurances\/#breadcrumb\",\"itemListElement\":[{\"@type\":\"ListItem\",\"position\":1,\"name\":\"Home\",\"item\":\"https:\/\/preprod.tocndix.com\/fr\/\"},{\"@type\":\"ListItem\",\"position\":2,\"name\":\"Banques et Assurances\"}]},{\"@type\":\"WebSite\",\"@id\":\"https:\/\/preprod.tocndix.com\/fr\/#website\",\"url\":\"https:\/\/preprod.tocndix.com\/fr\/\",\"name\":\"Tocndix\",\"description\":\"Your Fast Track to Digital Transformation\",\"potentialAction\":[{\"@type\":\"SearchAction\",\"target\":{\"@type\":\"EntryPoint\",\"urlTemplate\":\"https:\/\/preprod.tocndix.com\/fr\/?s={search_term_string}\"},\"query-input\":\"required name=search_term_string\"}],\"inLanguage\":\"fr-FR\"}]}<\/script>\n<!-- \/ Yoast SEO plugin. -->","yoast_head_json":{"title":"Banques et Assurances - Tocndix","robots":{"index":"noindex","follow":"follow","max-snippet":"max-snippet:-1","max-image-preview":"max-image-preview:large","max-video-preview":"max-video-preview:-1"},"og_locale":"fr_FR","og_type":"article","og_title":"Banques et Assurances - Tocndix","og_description":"Cas Client Banques et AssurancesUNE APPROCHE INNOVANTENos clients proviennent de differents secteursTocndix pr\u00e9sente son application innovante dans le domaine de l'affacturage. Gr\u00e2ce \u00e0 l'utilisation de la technologie Low code, nous avons pu d\u00e9velopper une application moderne, efficace, fluide et flexible. Notre application se concentre principalement sur la gestion des relances et de l'escalade pour chaque [&hellip;]","og_url":"https:\/\/preprod.tocndix.com\/fr\/banques-et-assurances\/","og_site_name":"Tocndix","article_modified_time":"2024-05-06T11:47:18+00:00","twitter_card":"summary_large_image","twitter_misc":{"Est. reading time":"5 minutes"},"schema":{"@context":"https:\/\/schema.org","@graph":[{"@type":"WebPage","@id":"https:\/\/preprod.tocndix.com\/fr\/banques-et-assurances\/","url":"https:\/\/preprod.tocndix.com\/fr\/banques-et-assurances\/","name":"Banques et Assurances - Tocndix","isPartOf":{"@id":"https:\/\/preprod.tocndix.com\/fr\/#website"},"datePublished":"2023-09-10T10:36:43+00:00","dateModified":"2024-05-06T11:47:18+00:00","breadcrumb":{"@id":"https:\/\/preprod.tocndix.com\/fr\/banques-et-assurances\/#breadcrumb"},"inLanguage":"fr-FR","potentialAction":[{"@type":"ReadAction","target":["https:\/\/preprod.tocndix.com\/fr\/banques-et-assurances\/"]}]},{"@type":"BreadcrumbList","@id":"https:\/\/preprod.tocndix.com\/fr\/banques-et-assurances\/#breadcrumb","itemListElement":[{"@type":"ListItem","position":1,"name":"Home","item":"https:\/\/preprod.tocndix.com\/fr\/"},{"@type":"ListItem","position":2,"name":"Banques et Assurances"}]},{"@type":"WebSite","@id":"https:\/\/preprod.tocndix.com\/fr\/#website","url":"https:\/\/preprod.tocndix.com\/fr\/","name":"Tocndix","description":"Your Fast Track to Digital Transformation","potentialAction":[{"@type":"SearchAction","target":{"@type":"EntryPoint","urlTemplate":"https:\/\/preprod.tocndix.com\/fr\/?s={search_term_string}"},"query-input":"required name=search_term_string"}],"inLanguage":"fr-FR"}]}},"_links":{"self":[{"href":"https:\/\/preprod.tocndix.com\/fr\/wp-json\/wp\/v2\/pages\/10312","targetHints":{"allow":["GET"]}}],"collection":[{"href":"https:\/\/preprod.tocndix.com\/fr\/wp-json\/wp\/v2\/pages"}],"about":[{"href":"https:\/\/preprod.tocndix.com\/fr\/wp-json\/wp\/v2\/types\/page"}],"author":[{"embeddable":true,"href":"https:\/\/preprod.tocndix.com\/fr\/wp-json\/wp\/v2\/users\/5"}],"replies":[{"embeddable":true,"href":"https:\/\/preprod.tocndix.com\/fr\/wp-json\/wp\/v2\/comments?post=10312"}],"version-history":[{"count":13,"href":"https:\/\/preprod.tocndix.com\/fr\/wp-json\/wp\/v2\/pages\/10312\/revisions"}],"predecessor-version":[{"id":14122,"href":"https:\/\/preprod.tocndix.com\/fr\/wp-json\/wp\/v2\/pages\/10312\/revisions\/14122"}],"wp:attachment":[{"href":"https:\/\/preprod.tocndix.com\/fr\/wp-json\/wp\/v2\/media?parent=10312"}],"curies":[{"name":"wp","href":"https:\/\/api.w.org\/{rel}","templated":true}]}}