{"id":10672,"date":"2023-09-14T10:36:40","date_gmt":"2023-09-14T08:36:40","guid":{"rendered":"https:\/\/preprod.tocndix.com\/?page_id=10672"},"modified":"2024-05-06T13:51:28","modified_gmt":"2024-05-06T11:51:28","slug":"suivi-production-pcb","status":"publish","type":"page","link":"https:\/\/preprod.tocndix.com\/fr\/suivi-production-pcb\/","title":{"rendered":"Suivi de production de PCB"},"content":{"rendered":"<p>[et_pb_section fb_built=&#8221;1&#8243; _builder_version=&#8221;4.22.1&#8243; _module_preset=&#8221;default&#8221; background_color=&#8221;gcid-f743be1f-46bf-4685-bc55-7e8b347eb98d&#8221; background_image=&#8221;https:\/\/preprod.tocndix.com\/wp-content\/uploads\/2023\/08\/line-bg-blue-navy-10.svg&#8221; custom_margin=&#8221;||||false|false&#8221; custom_padding=&#8221;||48px|||&#8221; da_disable_devices=&#8221;off|off|off&#8221; locked=&#8221;off&#8221; global_colors_info=&#8221;{%22gcid-f743be1f-46bf-4685-bc55-7e8b347eb98d%22:%91%22background_color%22%93}&#8221; da_is_popup=&#8221;off&#8221; da_exit_intent=&#8221;off&#8221; da_has_close=&#8221;on&#8221; da_alt_close=&#8221;off&#8221; da_dark_close=&#8221;off&#8221; da_not_modal=&#8221;on&#8221; da_is_singular=&#8221;off&#8221; da_with_loader=&#8221;off&#8221; da_has_shadow=&#8221;on&#8221;][et_pb_row _builder_version=&#8221;4.21.0&#8243; _module_preset=&#8221;default&#8221; global_colors_info=&#8221;{}&#8221;][et_pb_column type=&#8221;4_4&#8243; _builder_version=&#8221;4.21.0&#8243; _module_preset=&#8221;default&#8221; global_colors_info=&#8221;{}&#8221;][et_pb_text _builder_version=&#8221;4.22.1&#8243; _module_preset=&#8221;default&#8221; header_font=&#8221;Albert Sans|700|||||||&#8221; header_text_color=&#8221;#FFFFFF&#8221; header_font_size=&#8221;57px&#8221; header_line_height=&#8221;1.3em&#8221; header_4_font=&#8221;Albert Sans|||on|||||&#8221; header_4_text_color=&#8221;#FFFFFF&#8221; header_4_letter_spacing=&#8221;1px&#8221; custom_margin=&#8221;||33px|||&#8221; header_font_size_tablet=&#8221;50px&#8221; header_font_size_phone=&#8221;45px&#8221; header_font_size_last_edited=&#8221;on|phone&#8221; header_4_font_size_tablet=&#8221;14px&#8221; header_4_font_size_phone=&#8221;14px&#8221; header_4_font_size_last_edited=&#8221;on|phone&#8221; locked=&#8221;off&#8221; global_colors_info=&#8221;{}&#8221; header_4_font_size__hover_enabled=&#8221;off|desktop&#8221;]<\/p>\n<h4>Cas Client<\/h4>\n<h1>Suivi de production de PCB<\/h1>\n<p>[\/et_pb_text][\/et_pb_column][\/et_pb_row][\/et_pb_section][et_pb_section fb_built=&#8221;1&#8243; _builder_version=&#8221;4.21.0&#8243; _module_preset=&#8221;default&#8221; custom_padding=&#8221;||2px|||&#8221; da_disable_devices=&#8221;off|off|off&#8221; global_colors_info=&#8221;{}&#8221; da_is_popup=&#8221;off&#8221; da_exit_intent=&#8221;off&#8221; da_has_close=&#8221;on&#8221; da_alt_close=&#8221;off&#8221; da_dark_close=&#8221;off&#8221; da_not_modal=&#8221;on&#8221; da_is_singular=&#8221;off&#8221; da_with_loader=&#8221;off&#8221; da_has_shadow=&#8221;on&#8221;][et_pb_row _builder_version=&#8221;4.21.0&#8243; _module_preset=&#8221;default&#8221; custom_padding=&#8221;0px|||||&#8221; global_colors_info=&#8221;{}&#8221;][et_pb_column type=&#8221;4_4&#8243; _builder_version=&#8221;4.21.0&#8243; _module_preset=&#8221;default&#8221; global_colors_info=&#8221;{}&#8221;][et_pb_image src=&#8221;https:\/\/preprod.tocndix.com\/wp-content\/uploads\/2023\/09\/industrie-3.jpg&#8221; title_text=&#8221;industrie 3&#8243; force_fullwidth=&#8221;on&#8221; _builder_version=&#8221;4.22.1&#8243; _module_preset=&#8221;default&#8221; custom_margin=&#8221;-132px|||||&#8221; global_colors_info=&#8221;{}&#8221; height__hover_enabled=&#8221;off|desktop&#8221;][\/et_pb_image][\/et_pb_column][\/et_pb_row][\/et_pb_section][et_pb_section fb_built=&#8221;1&#8243; _builder_version=&#8221;4.21.0&#8243; _module_preset=&#8221;default&#8221; background_enable_color=&#8221;off&#8221; background_image=&#8221;https:\/\/preprod.tocndix.com\/wp-content\/uploads\/2023\/09\/full-lines-16.svg&#8221; custom_padding=&#8221;34px||34px|||&#8221; da_disable_devices=&#8221;off|off|off&#8221; locked=&#8221;off&#8221; global_colors_info=&#8221;{}&#8221; da_is_popup=&#8221;off&#8221; da_exit_intent=&#8221;off&#8221; da_has_close=&#8221;on&#8221; da_alt_close=&#8221;off&#8221; da_dark_close=&#8221;off&#8221; da_not_modal=&#8221;on&#8221; da_is_singular=&#8221;off&#8221; da_with_loader=&#8221;off&#8221; da_has_shadow=&#8221;on&#8221;][et_pb_row _builder_version=&#8221;4.16&#8243; custom_margin=&#8221;|auto|-4px|auto||&#8221; custom_padding=&#8221;||5px|||&#8221; locked=&#8221;off&#8221; global_colors_info=&#8221;{}&#8221;][et_pb_column type=&#8221;4_4&#8243; _builder_version=&#8221;4.16&#8243; custom_padding=&#8221;|||&#8221; global_colors_info=&#8221;{}&#8221; custom_padding__hover=&#8221;|||&#8221;][et_pb_text _builder_version=&#8221;4.22.1&#8243; _module_preset=&#8221;default&#8221; header_3_font=&#8221;Albert Sans|600||on|||||&#8221; header_3_text_color=&#8221;gcid-f4734f53-07b0-41bc-9479-29f3dd377a29&#8243; header_3_font_size=&#8221;13px&#8221; header_3_letter_spacing=&#8221;1px&#8221; custom_margin=&#8221;||1px|||&#8221; global_colors_info=&#8221;{%22gcid-f4734f53-07b0-41bc-9479-29f3dd377a29%22:%91%22header_3_text_color%22%93}&#8221;]<\/p>\n<h3>Industrie<\/h3>\n<p>[\/et_pb_text][et_pb_text _builder_version=&#8221;4.22.1&#8243; text_font=&#8221;||||||||&#8221; header_font=&#8221;||||||||&#8221; header_text_align=&#8221;left&#8221; header_text_color=&#8221;#2b2b2b&#8221; header_line_height=&#8221;1.3em&#8221; header_2_font=&#8221;Albert Sans|700|||||||&#8221; header_2_text_align=&#8221;left&#8221; header_2_text_color=&#8221;#2a2b3d&#8221; header_2_font_size=&#8221;42px&#8221; header_2_line_height=&#8221;1.2em&#8221; text_orientation=&#8221;center&#8221; module_alignment=&#8221;center&#8221; custom_margin=&#8221;||10px|&#8221; header_2_font_size_tablet=&#8221;33px&#8221; header_2_font_size_phone=&#8221;30px&#8221; header_2_font_size_last_edited=&#8221;on|phone&#8221; locked=&#8221;off&#8221; global_colors_info=&#8221;{}&#8221;]<\/p>\n<h2>Suivi de production de PCB<\/h2>\n<p>[\/et_pb_text][\/et_pb_column][\/et_pb_row][et_pb_row column_structure=&#8221;1_2,1_2&#8243; _builder_version=&#8221;4.22.1&#8243; _module_preset=&#8221;default&#8221; global_colors_info=&#8221;{}&#8221;][et_pb_column type=&#8221;1_2&#8243; _builder_version=&#8221;4.22.1&#8243; _module_preset=&#8221;default&#8221; global_colors_info=&#8221;{}&#8221;][et_pb_text _builder_version=&#8221;4.22.1&#8243; _module_preset=&#8221;default&#8221; text_font=&#8221;Albert-sans-Regular||||||||&#8221; text_text_color=&#8221;gcid-4e1a4293-6847-4a8b-8670-1037625c3a21&#8243; text_font_size=&#8221;16px&#8221; text_line_height=&#8221;1.8em&#8221; header_3_font=&#8221;Albert Sans|600|||||||&#8221; header_3_line_height=&#8221;1.4em&#8221; custom_margin=&#8221;|-18px||||&#8221; custom_padding=&#8221;10px|||||&#8221; text_font_size_tablet=&#8221;16px&#8221; text_font_size_phone=&#8221;16px&#8221; text_font_size_last_edited=&#8221;on|phone&#8221; header_3_font_size_tablet=&#8221;19px&#8221; header_3_font_size_phone=&#8221;19px&#8221; header_3_font_size_last_edited=&#8221;on|phone&#8221; global_colors_info=&#8221;{%22gcid-4e1a4293-6847-4a8b-8670-1037625c3a21%22:%91%22text_text_color%22,%22text_text_color%22%93,%22gcid-b45890b6-6570-417c-9d10-2c1f88792be0%22:%91%22text_text_color%22,%22text_text_color%22,%22text_text_color%22%93}&#8221;]<\/p>\n<h3>Mon\u00e9tisation de services complexes\u00a0<\/h3>\n<p>Nous avons d\u00e9velopp\u00e9 une application en collaboration avec Siemens, appel\u00e9e &#8220;Valor NPI Access&#8221;, dans le but de rendre accessible leur syst\u00e8me Valor NPI \u00e0 un large \u00e9ventail de clients. En utilisant la plateforme Mendix, nous avons cr\u00e9\u00e9 une interface de commerce \u00e9lectronique conviviale qui offre une solution en mode SaaS pour ce logiciel complet et puissant. Cette application est sp\u00e9cifiquement con\u00e7ue pour faciliter les tests des plans de circuits imprim\u00e9s \u00e9lectroniques (PCB) con\u00e7us en CAO\/CAD.<\/p>\n<p>Gr\u00e2ce \u00e0 notre application, les fabricants de PCB peuvent facilement cr\u00e9er un compte, acheter des cr\u00e9dits et soumettre leurs fichiers de conception en CAO. Ils peuvent visualiser leurs circuits en 3D et obtenir des rapports d\u00e9taill\u00e9s sur les anomalies d\u00e9tect\u00e9es par Valor NPI.<\/p>\n<p>Notre solution l\u00e9g\u00e8re et conviviale simplifie l&#8217;acc\u00e8s \u00e0 cette technologie avanc\u00e9e, permettant ainsi aux fabricants de PCB de b\u00e9n\u00e9ficier pleinement des fonctionnalit\u00e9s de Valor NPI.<\/p>\n<p>[\/et_pb_text][\/et_pb_column][et_pb_column type=&#8221;1_2&#8243; _builder_version=&#8221;4.22.1&#8243; _module_preset=&#8221;default&#8221; background_enable_color=&#8221;off&#8221; global_colors_info=&#8221;{%22gcid-bfef6d26-3179-4a3e-93fc-0dd654b4c38e%22:%91%22background_color%22%93}&#8221; custom_padding__hover_enabled=&#8221;off|desktop&#8221;][et_pb_number_counter title=&#8221;Nombre de PCB fabriques soumis &#8221; number=&#8221;53&#8243; percent_sign=&#8221;off&#8221; _builder_version=&#8221;4.22.1&#8243; _module_preset=&#8221;default&#8221; title_font=&#8221;Albert Sans|300|||||||&#8221; title_text_align=&#8221;center&#8221; title_text_color=&#8221;#ffffff&#8221; title_font_size=&#8221;16px&#8221; title_line_height=&#8221;1.4em&#8221; number_font=&#8221;Albert Sans|700|||||||&#8221; number_text_color=&#8221;#FFFFFF&#8221; background_color=&#8221;gcid-f4734f53-07b0-41bc-9479-29f3dd377a29&#8243; width=&#8221;300px&#8221; width_tablet=&#8221;300px&#8221; width_phone=&#8221;287px&#8221; width_last_edited=&#8221;on|phone&#8221; module_alignment=&#8221;center&#8221; custom_margin=&#8221;||-2px|||&#8221; custom_padding=&#8221;10%|5%|10%|5%|true|true&#8221; custom_css_number_counter_title=&#8221;margin-top: -12px;||&#8221; border_radii=&#8221;off||50px||&#8221; locked=&#8221;off&#8221; global_colors_info=&#8221;{%22gcid-f4734f53-07b0-41bc-9479-29f3dd377a29%22:%91%22background_color%22,%22title_text_color%22,%22number_text_color%22%93}&#8221;][\/et_pb_number_counter][et_pb_number_counter title=&#8221;Nombre de clients &#8221; number=&#8221;112&#8243; percent_sign=&#8221;off&#8221; _builder_version=&#8221;4.22.1&#8243; _module_preset=&#8221;default&#8221; title_font=&#8221;Albert Sans|300|||||||&#8221; title_text_align=&#8221;center&#8221; title_text_color=&#8221;#ffffff&#8221; title_font_size=&#8221;15px&#8221; title_line_height=&#8221;1.4em&#8221; number_font=&#8221;Albert Sans|700|||||||&#8221; number_text_color=&#8221;#FFFFFF&#8221; number_font_size=&#8221;62px&#8221; background_color=&#8221;gcid-f743be1f-46bf-4685-bc55-7e8b347eb98d&#8221; width=&#8221;220px&#8221; width_tablet=&#8221;220px&#8221; width_phone=&#8221;217px&#8221; width_last_edited=&#8221;on|phone&#8221; module_alignment=&#8221;left&#8221; custom_margin=&#8221;-36px||||false|false&#8221; custom_padding=&#8221;6.3%|10px|6.3%|10px|true|true&#8221; custom_css_number_counter_title=&#8221;margin-top: -12px;||&#8221; border_radii=&#8221;off|32px||32px|32px&#8221; locked=&#8221;off&#8221; global_colors_info=&#8221;{%22gcid-f743be1f-46bf-4685-bc55-7e8b347eb98d%22:%91%22background_color%22%93,%22gcid-f4734f53-07b0-41bc-9479-29f3dd377a29%22:%91%22title_text_color%22,%22number_text_color%22%93}&#8221; width__hover=&#8221;220px&#8221; width__hover_enabled=&#8221;on|desktop&#8221;][\/et_pb_number_counter][et_pb_number_counter title=&#8221;Nombre de test par jour &#8221; number=&#8221;2000&#8243; percent_sign=&#8221;off&#8221; _builder_version=&#8221;4.22.1&#8243; _module_preset=&#8221;default&#8221; title_font=&#8221;Albert Sans|300|||||||&#8221; title_text_align=&#8221;center&#8221; title_text_color=&#8221;gcid-f743be1f-46bf-4685-bc55-7e8b347eb98d&#8221; title_font_size=&#8221;14px&#8221; title_line_height=&#8221;1.4em&#8221; number_font=&#8221;Albert Sans|800|||||||&#8221; number_text_color=&#8221;gcid-f743be1f-46bf-4685-bc55-7e8b347eb98d&#8221; number_font_size=&#8221;52px&#8221; background_color=&#8221;gcid-bfef6d26-3179-4a3e-93fc-0dd654b4c38e&#8221; width=&#8221;200px&#8221; width_tablet=&#8221;200px&#8221; width_phone=&#8221;190px&#8221; width_last_edited=&#8221;on|tablet&#8221; module_alignment=&#8221;right&#8221; custom_margin=&#8221;-127px|||||&#8221; custom_margin_tablet=&#8221;-127px|||||&#8221; custom_margin_phone=&#8221;-50px||||false|false&#8221; custom_margin_last_edited=&#8221;on|phone&#8221; custom_padding=&#8221;6.3%|10px|6.3%|10px|true|true&#8221; custom_css_number_counter_title=&#8221;margin-top: -12px;||&#8221; border_radii=&#8221;off|30px|30px||30px&#8221; locked=&#8221;off&#8221; global_colors_info=&#8221;{%22gcid-bfef6d26-3179-4a3e-93fc-0dd654b4c38e%22:%91%22background_color%22%93,%22gcid-f743be1f-46bf-4685-bc55-7e8b347eb98d%22:%91%22title_text_color%22,%22number_text_color%22%93,%22gcid-f4734f53-07b0-41bc-9479-29f3dd377a29%22:%91%22title_text_color%22,%22number_text_color%22%93}&#8221;][\/et_pb_number_counter][\/et_pb_column][\/et_pb_row][\/et_pb_section][et_pb_section fb_built=&#8221;1&#8243; _builder_version=&#8221;4.22.1&#8243; _module_preset=&#8221;default&#8221; background_color=&#8221;gcid-f743be1f-46bf-4685-bc55-7e8b347eb98d&#8221; background_enable_image=&#8221;off&#8221; custom_padding=&#8221;28px||16px|||&#8221; da_disable_devices=&#8221;off|off|off&#8221; global_colors_info=&#8221;{%22gcid-f743be1f-46bf-4685-bc55-7e8b347eb98d%22:%91%22background_color%22%93}&#8221; global_module=&#8221;13738&#8243; theme_builder_area=&#8221;post_content&#8221; da_is_popup=&#8221;off&#8221; da_exit_intent=&#8221;off&#8221; da_has_close=&#8221;on&#8221; da_alt_close=&#8221;off&#8221; da_dark_close=&#8221;off&#8221; da_not_modal=&#8221;on&#8221; da_is_singular=&#8221;off&#8221; da_with_loader=&#8221;off&#8221; da_has_shadow=&#8221;on&#8221;][et_pb_row _builder_version=&#8221;4.21.0&#8243; _module_preset=&#8221;default&#8221; custom_padding=&#8221;||22px|||&#8221; global_colors_info=&#8221;{}&#8221; theme_builder_area=&#8221;post_content&#8221;][et_pb_column type=&#8221;4_4&#8243; _builder_version=&#8221;4.21.0&#8243; _module_preset=&#8221;default&#8221; global_colors_info=&#8221;{}&#8221; theme_builder_area=&#8221;post_content&#8221;][et_pb_text _builder_version=&#8221;4.22.1&#8243; _module_preset=&#8221;default&#8221; header_6_font=&#8221;Albert Sans|600|||||||&#8221; header_6_text_align=&#8221;center&#8221; header_6_text_color=&#8221;#FFFFFF&#8221; header_6_font_size=&#8221;26px&#8221; header_6_line_height=&#8221;1.2em&#8221; module_alignment=&#8221;center&#8221; custom_margin=&#8221;||5px|||&#8221; header_6_font_size_tablet=&#8221;22px&#8221; header_6_font_size_phone=&#8221;21px&#8221; header_6_font_size_last_edited=&#8221;on|tablet&#8221; header_6_line_height_tablet=&#8221;1.4em&#8221; header_6_line_height_phone=&#8221;1.3em&#8221; header_6_line_height_last_edited=&#8221;on|tablet&#8221; global_colors_info=&#8221;{}&#8221; theme_builder_area=&#8221;post_content&#8221;]<\/p>\n<h6>Vous envisagez de passer au Low-code?<br \/>Prenez RDV pour un \u00e9change gratuit avec nos consultants<\/h6>\n<p>[\/et_pb_text][et_pb_button button_url=&#8221;@ET-DC@eyJkeW5hbWljIjp0cnVlLCJjb250ZW50IjoicG9zdF9saW5rX3VybF9wYWdlIiwic2V0dGluZ3MiOnsicG9zdF9pZCI6Ijk3OTYifX0=@&#8221; button_text=&#8221;Je prends rendez-vous&#8221; button_alignment=&#8221;center&#8221; _builder_version=&#8221;4.22.1&#8243; _dynamic_attributes=&#8221;button_url&#8221; custom_button=&#8221;on&#8221; button_text_size=&#8221;16px&#8221; button_text_color=&#8221;#ffffff&#8221; button_bg_color=&#8221;gcid-f4734f53-07b0-41bc-9479-29f3dd377a29&#8243; button_border_width=&#8221;0px&#8221; button_border_radius=&#8221;44px&#8221; button_letter_spacing=&#8221;0px&#8221; button_font=&#8221;Albert Sans|600|||||||&#8221; button_use_icon=&#8221;off&#8221; custom_margin=&#8221;6px|||||&#8221; custom_padding=&#8221;12px|28px|12px|28px&#8221; button_letter_spacing_hover=&#8221;2px&#8221; global_colors_info=&#8221;{%22gcid-f4734f53-07b0-41bc-9479-29f3dd377a29%22:%91%22button_bg_color%22%93}&#8221; button_text_size__hover_enabled=&#8221;off&#8221; button_one_text_size__hover_enabled=&#8221;off&#8221; button_two_text_size__hover_enabled=&#8221;off&#8221; button_text_color__hover_enabled=&#8221;off&#8221; button_one_text_color__hover_enabled=&#8221;off&#8221; button_two_text_color__hover_enabled=&#8221;off&#8221; button_border_width__hover_enabled=&#8221;off&#8221; button_one_border_width__hover_enabled=&#8221;off&#8221; button_two_border_width__hover_enabled=&#8221;off&#8221; button_border_color__hover_enabled=&#8221;off&#8221; button_one_border_color__hover_enabled=&#8221;off&#8221; button_two_border_color__hover_enabled=&#8221;off&#8221; button_border_radius__hover_enabled=&#8221;off&#8221; button_one_border_radius__hover_enabled=&#8221;off&#8221; button_two_border_radius__hover_enabled=&#8221;off&#8221; button_letter_spacing__hover_enabled=&#8221;on|hover&#8221; button_letter_spacing__hover=&#8221;0px&#8221; button_one_letter_spacing__hover_enabled=&#8221;off&#8221; button_two_letter_spacing__hover_enabled=&#8221;off&#8221; button_bg_color__hover_enabled=&#8221;off&#8221; button_one_bg_color__hover_enabled=&#8221;off&#8221; button_two_bg_color__hover_enabled=&#8221;off&#8221; theme_builder_area=&#8221;post_content&#8221;][\/et_pb_button][\/et_pb_column][\/et_pb_row][\/et_pb_section][et_pb_section fb_built=&#8221;1&#8243; disabled_on=&#8221;off|off|off&#8221; _builder_version=&#8221;4.22.1&#8243; _module_preset=&#8221;default&#8221; da_disable_devices=&#8221;off|off|off&#8221; global_colors_info=&#8221;{}&#8221; da_is_popup=&#8221;off&#8221; da_exit_intent=&#8221;off&#8221; da_has_close=&#8221;on&#8221; da_alt_close=&#8221;off&#8221; da_dark_close=&#8221;off&#8221; da_not_modal=&#8221;on&#8221; da_is_singular=&#8221;off&#8221; da_with_loader=&#8221;off&#8221; da_has_shadow=&#8221;on&#8221;][et_pb_row _builder_version=&#8221;4.22.1&#8243; _module_preset=&#8221;default&#8221; global_colors_info=&#8221;{}&#8221;][et_pb_column type=&#8221;4_4&#8243; _builder_version=&#8221;4.21.0&#8243; _module_preset=&#8221;default&#8221; global_colors_info=&#8221;{}&#8221;][et_pb_text _builder_version=&#8221;4.22.1&#8243; _module_preset=&#8221;default&#8221; text_font=&#8221;Albert-sans-Regular||||||||&#8221; text_text_color=&#8221;gcid-4e1a4293-6847-4a8b-8670-1037625c3a21&#8243; text_font_size=&#8221;16px&#8221; text_line_height=&#8221;1.8em&#8221; header_3_font=&#8221;Albert Sans|600|||||||&#8221; header_3_line_height=&#8221;1.4em&#8221; custom_margin=&#8221;|-18px||||&#8221; text_font_size_tablet=&#8221;16px&#8221; text_font_size_phone=&#8221;16px&#8221; text_font_size_last_edited=&#8221;on|phone&#8221; header_3_font_size_tablet=&#8221;19px&#8221; header_3_font_size_phone=&#8221;19px&#8221; header_3_font_size_last_edited=&#8221;on|phone&#8221; global_colors_info=&#8221;{%22gcid-4e1a4293-6847-4a8b-8670-1037625c3a21%22:%91%22text_text_color%22%93,%22gcid-b45890b6-6570-417c-9d10-2c1f88792be0%22:%91%22text_text_color%22,%22text_text_color%22%93}&#8221;]<\/p>\n<h3><strong>La planification et l\u2019ordonnancement des t\u00e2ches des \u00e9quipes en atelier reste complexe \u00e0 g\u00e9rer <\/strong><\/h3>\n<p>Chez les grands industriels ou fabricants de mat\u00e9riel lourd et complexe, la planification des activit\u00e9s en ateliers est cruciale. Les ressources expertes sont rares, les calendriers sont serr\u00e9s, et il est impossible de mobiliser les ressources et les cha\u00eenes le temps de configurer le bon cadencement des travaux.<\/p>\n<p>&nbsp;<\/p>\n<p>[\/et_pb_text][\/et_pb_column][\/et_pb_row][\/et_pb_section]<\/p>\n","protected":false},"excerpt":{"rendered":"<p>Cas Client Suivi de production de PCBIndustrieSuivi de production de PCBMon\u00e9tisation de services complexes\u00a0 Nous avons d\u00e9velopp\u00e9 une application en collaboration avec Siemens, appel\u00e9e &#8220;Valor NPI Access&#8221;, dans le but de rendre accessible leur syst\u00e8me Valor NPI \u00e0 un large \u00e9ventail de clients. En utilisant la plateforme Mendix, nous avons cr\u00e9\u00e9 une interface de commerce [&hellip;]<\/p>\n","protected":false},"author":5,"featured_media":0,"parent":0,"menu_order":0,"comment_status":"closed","ping_status":"closed","template":"","meta":{"_et_pb_use_builder":"on","_et_pb_old_content":"","_et_gb_content_width":"","inline_featured_image":false,"_exactmetrics_skip_tracking":false,"_exactmetrics_sitenote_active":false,"_exactmetrics_sitenote_note":"","_exactmetrics_sitenote_category":0,"footnotes":""},"class_list":["post-10672","page","type-page","status-publish","hentry"],"yoast_head":"<!-- This site is optimized with the Yoast SEO plugin v22.6 - https:\/\/yoast.com\/wordpress\/plugins\/seo\/ -->\n<title>Suivi de production de PCB - Tocndix<\/title>\n<meta name=\"robots\" content=\"noindex, follow, max-snippet:-1, max-image-preview:large, max-video-preview:-1\" \/>\n<meta property=\"og:locale\" content=\"fr_FR\" \/>\n<meta property=\"og:type\" content=\"article\" \/>\n<meta property=\"og:title\" content=\"Suivi de production de PCB - Tocndix\" \/>\n<meta property=\"og:description\" content=\"Cas Client Suivi de production de PCBIndustrieSuivi de production de PCBMon\u00e9tisation de services complexes\u00a0 Nous avons d\u00e9velopp\u00e9 une application en collaboration avec Siemens, appel\u00e9e &quot;Valor NPI Access&quot;, dans le but de rendre accessible leur syst\u00e8me Valor NPI \u00e0 un large \u00e9ventail de clients. En utilisant la plateforme Mendix, nous avons cr\u00e9\u00e9 une interface de commerce [&hellip;]\" \/>\n<meta property=\"og:url\" content=\"https:\/\/preprod.tocndix.com\/fr\/suivi-production-pcb\/\" \/>\n<meta property=\"og:site_name\" content=\"Tocndix\" \/>\n<meta property=\"article:modified_time\" content=\"2024-05-06T11:51:28+00:00\" \/>\n<meta name=\"twitter:card\" content=\"summary_large_image\" \/>\n<meta name=\"twitter:label1\" content=\"Est. reading time\" \/>\n\t<meta name=\"twitter:data1\" content=\"5 minutes\" \/>\n<script type=\"application\/ld+json\" class=\"yoast-schema-graph\">{\"@context\":\"https:\/\/schema.org\",\"@graph\":[{\"@type\":\"WebPage\",\"@id\":\"https:\/\/preprod.tocndix.com\/fr\/suivi-production-pcb\/\",\"url\":\"https:\/\/preprod.tocndix.com\/fr\/suivi-production-pcb\/\",\"name\":\"Suivi de production de PCB - Tocndix\",\"isPartOf\":{\"@id\":\"https:\/\/preprod.tocndix.com\/fr\/#website\"},\"datePublished\":\"2023-09-14T08:36:40+00:00\",\"dateModified\":\"2024-05-06T11:51:28+00:00\",\"breadcrumb\":{\"@id\":\"https:\/\/preprod.tocndix.com\/fr\/suivi-production-pcb\/#breadcrumb\"},\"inLanguage\":\"fr-FR\",\"potentialAction\":[{\"@type\":\"ReadAction\",\"target\":[\"https:\/\/preprod.tocndix.com\/fr\/suivi-production-pcb\/\"]}]},{\"@type\":\"BreadcrumbList\",\"@id\":\"https:\/\/preprod.tocndix.com\/fr\/suivi-production-pcb\/#breadcrumb\",\"itemListElement\":[{\"@type\":\"ListItem\",\"position\":1,\"name\":\"Home\",\"item\":\"https:\/\/preprod.tocndix.com\/fr\/\"},{\"@type\":\"ListItem\",\"position\":2,\"name\":\"Suivi de production de PCB\"}]},{\"@type\":\"WebSite\",\"@id\":\"https:\/\/preprod.tocndix.com\/fr\/#website\",\"url\":\"https:\/\/preprod.tocndix.com\/fr\/\",\"name\":\"Tocndix\",\"description\":\"Your Fast Track to Digital Transformation\",\"potentialAction\":[{\"@type\":\"SearchAction\",\"target\":{\"@type\":\"EntryPoint\",\"urlTemplate\":\"https:\/\/preprod.tocndix.com\/fr\/?s={search_term_string}\"},\"query-input\":\"required name=search_term_string\"}],\"inLanguage\":\"fr-FR\"}]}<\/script>\n<!-- \/ Yoast SEO plugin. -->","yoast_head_json":{"title":"Suivi de production de PCB - Tocndix","robots":{"index":"noindex","follow":"follow","max-snippet":"max-snippet:-1","max-image-preview":"max-image-preview:large","max-video-preview":"max-video-preview:-1"},"og_locale":"fr_FR","og_type":"article","og_title":"Suivi de production de PCB - Tocndix","og_description":"Cas Client Suivi de production de PCBIndustrieSuivi de production de PCBMon\u00e9tisation de services complexes\u00a0 Nous avons d\u00e9velopp\u00e9 une application en collaboration avec Siemens, appel\u00e9e \"Valor NPI Access\", dans le but de rendre accessible leur syst\u00e8me Valor NPI \u00e0 un large \u00e9ventail de clients. En utilisant la plateforme Mendix, nous avons cr\u00e9\u00e9 une interface de commerce [&hellip;]","og_url":"https:\/\/preprod.tocndix.com\/fr\/suivi-production-pcb\/","og_site_name":"Tocndix","article_modified_time":"2024-05-06T11:51:28+00:00","twitter_card":"summary_large_image","twitter_misc":{"Est. reading time":"5 minutes"},"schema":{"@context":"https:\/\/schema.org","@graph":[{"@type":"WebPage","@id":"https:\/\/preprod.tocndix.com\/fr\/suivi-production-pcb\/","url":"https:\/\/preprod.tocndix.com\/fr\/suivi-production-pcb\/","name":"Suivi de production de PCB - Tocndix","isPartOf":{"@id":"https:\/\/preprod.tocndix.com\/fr\/#website"},"datePublished":"2023-09-14T08:36:40+00:00","dateModified":"2024-05-06T11:51:28+00:00","breadcrumb":{"@id":"https:\/\/preprod.tocndix.com\/fr\/suivi-production-pcb\/#breadcrumb"},"inLanguage":"fr-FR","potentialAction":[{"@type":"ReadAction","target":["https:\/\/preprod.tocndix.com\/fr\/suivi-production-pcb\/"]}]},{"@type":"BreadcrumbList","@id":"https:\/\/preprod.tocndix.com\/fr\/suivi-production-pcb\/#breadcrumb","itemListElement":[{"@type":"ListItem","position":1,"name":"Home","item":"https:\/\/preprod.tocndix.com\/fr\/"},{"@type":"ListItem","position":2,"name":"Suivi de production de PCB"}]},{"@type":"WebSite","@id":"https:\/\/preprod.tocndix.com\/fr\/#website","url":"https:\/\/preprod.tocndix.com\/fr\/","name":"Tocndix","description":"Your Fast Track to Digital Transformation","potentialAction":[{"@type":"SearchAction","target":{"@type":"EntryPoint","urlTemplate":"https:\/\/preprod.tocndix.com\/fr\/?s={search_term_string}"},"query-input":"required name=search_term_string"}],"inLanguage":"fr-FR"}]}},"_links":{"self":[{"href":"https:\/\/preprod.tocndix.com\/fr\/wp-json\/wp\/v2\/pages\/10672","targetHints":{"allow":["GET"]}}],"collection":[{"href":"https:\/\/preprod.tocndix.com\/fr\/wp-json\/wp\/v2\/pages"}],"about":[{"href":"https:\/\/preprod.tocndix.com\/fr\/wp-json\/wp\/v2\/types\/page"}],"author":[{"embeddable":true,"href":"https:\/\/preprod.tocndix.com\/fr\/wp-json\/wp\/v2\/users\/5"}],"replies":[{"embeddable":true,"href":"https:\/\/preprod.tocndix.com\/fr\/wp-json\/wp\/v2\/comments?post=10672"}],"version-history":[{"count":12,"href":"https:\/\/preprod.tocndix.com\/fr\/wp-json\/wp\/v2\/pages\/10672\/revisions"}],"predecessor-version":[{"id":14134,"href":"https:\/\/preprod.tocndix.com\/fr\/wp-json\/wp\/v2\/pages\/10672\/revisions\/14134"}],"wp:attachment":[{"href":"https:\/\/preprod.tocndix.com\/fr\/wp-json\/wp\/v2\/media?parent=10672"}],"curies":[{"name":"wp","href":"https:\/\/api.w.org\/{rel}","templated":true}]}}