{"id":13827,"date":"2024-05-01T15:37:38","date_gmt":"2024-05-01T13:37:38","guid":{"rendered":"https:\/\/preprod.tocndix.com\/?page_id=13827"},"modified":"2024-05-06T14:38:50","modified_gmt":"2024-05-06T12:38:50","slug":"communiques-de-presse","status":"publish","type":"page","link":"https:\/\/preprod.tocndix.com\/fr\/communiques-de-presse\/","title":{"rendered":"Communiqu\u00e9s de presse"},"content":{"rendered":"<p>[et_pb_section fb_built=&#8221;1&#8243; _builder_version=&#8221;4.21.0&#8243; _module_preset=&#8221;default&#8221; background_color=&#8221;gcid-f743be1f-46bf-4685-bc55-7e8b347eb98d&#8221; background_image=&#8221;https:\/\/preprod.tocndix.com\/wp-content\/uploads\/2023\/08\/line-bg-blue-navy-10.svg&#8221; custom_padding=&#8221;||48px|||&#8221; da_disable_devices=&#8221;off|off|off&#8221; locked=&#8221;off&#8221; global_colors_info=&#8221;{%22gcid-f743be1f-46bf-4685-bc55-7e8b347eb98d%22:%91%22background_color%22%93}&#8221; da_is_popup=&#8221;off&#8221; da_exit_intent=&#8221;off&#8221; da_has_close=&#8221;on&#8221; da_alt_close=&#8221;off&#8221; da_dark_close=&#8221;off&#8221; da_not_modal=&#8221;on&#8221; da_is_singular=&#8221;off&#8221; da_with_loader=&#8221;off&#8221; da_has_shadow=&#8221;on&#8221;][et_pb_row _builder_version=&#8221;4.21.0&#8243; _module_preset=&#8221;default&#8221; global_colors_info=&#8221;{}&#8221;][et_pb_column type=&#8221;4_4&#8243; _builder_version=&#8221;4.21.0&#8243; _module_preset=&#8221;default&#8221; global_colors_info=&#8221;{}&#8221;][et_pb_text _builder_version=&#8221;4.22.1&#8243; _module_preset=&#8221;default&#8221; header_font=&#8221;Albert Sans|600|||||||&#8221; header_text_color=&#8221;#FFFFFF&#8221; header_font_size=&#8221;57px&#8221; header_line_height=&#8221;1.3em&#8221; header_4_font=&#8221;Albert Sans|||on|||||&#8221; header_4_text_color=&#8221;#FFFFFF&#8221; header_4_letter_spacing=&#8221;1px&#8221; custom_margin=&#8221;||17px|||&#8221; header_font_size_tablet=&#8221;50px&#8221; header_font_size_phone=&#8221;40px&#8221; header_font_size_last_edited=&#8221;on|phone&#8221; header_4_font_size_tablet=&#8221;14px&#8221; header_4_font_size_phone=&#8221;14px&#8221; header_4_font_size_last_edited=&#8221;on|phone&#8221; global_colors_info=&#8221;{}&#8221; header_4_font_size__hover_enabled=&#8221;off|desktop&#8221;]<\/p>\n<h4>Communiqu\u00e9s de presse<\/h4>\n<h1>D\u00e9couvrez nos derni\u00e8res publications sur la transformation digitale et le low code<\/h1>\n<p>[\/et_pb_text][et_pb_button button_url=&#8221;@ET-DC@eyJkeW5hbWljIjp0cnVlLCJjb250ZW50IjoicG9zdF9saW5rX3VybF9wYWdlIiwic2V0dGluZ3MiOnsicG9zdF9pZCI6Ijk3OTYifX0=@&#8221; button_text=&#8221;Contactez-nous&#8221; _builder_version=&#8221;4.22.1&#8243; _dynamic_attributes=&#8221;button_url&#8221; custom_button=&#8221;on&#8221; button_text_size=&#8221;16px&#8221; button_text_color=&#8221;#ffffff&#8221; button_bg_color=&#8221;gcid-c0975ca2-e1e5-46af-92a9-7edc0a4a8da0&#8243; button_border_width=&#8221;0px&#8221; button_border_radius=&#8221;44px&#8221; button_letter_spacing=&#8221;0px&#8221; button_font=&#8221;Albert Sans|600|||||||&#8221; button_use_icon=&#8221;off&#8221; custom_margin=&#8221;20px|||&#8221; custom_padding=&#8221;12px|28px|12px|28px&#8221; button_letter_spacing_hover=&#8221;2px&#8221; locked=&#8221;off&#8221; global_colors_info=&#8221;{%22gcid-c0975ca2-e1e5-46af-92a9-7edc0a4a8da0%22:%91%22button_bg_color%22%93}&#8221; button_text_size__hover_enabled=&#8221;off&#8221; button_one_text_size__hover_enabled=&#8221;off&#8221; button_two_text_size__hover_enabled=&#8221;off&#8221; button_text_color__hover_enabled=&#8221;off&#8221; button_one_text_color__hover_enabled=&#8221;off&#8221; button_two_text_color__hover_enabled=&#8221;off&#8221; button_border_width__hover_enabled=&#8221;off&#8221; button_one_border_width__hover_enabled=&#8221;off&#8221; button_two_border_width__hover_enabled=&#8221;off&#8221; button_border_color__hover_enabled=&#8221;off&#8221; button_one_border_color__hover_enabled=&#8221;off&#8221; button_two_border_color__hover_enabled=&#8221;off&#8221; button_border_radius__hover_enabled=&#8221;off&#8221; button_one_border_radius__hover_enabled=&#8221;off&#8221; button_two_border_radius__hover_enabled=&#8221;off&#8221; button_letter_spacing__hover_enabled=&#8221;on|hover&#8221; button_letter_spacing__hover=&#8221;0px&#8221; button_one_letter_spacing__hover_enabled=&#8221;off&#8221; button_two_letter_spacing__hover_enabled=&#8221;off&#8221; button_bg_color__hover_enabled=&#8221;off&#8221; button_one_bg_color__hover_enabled=&#8221;off&#8221; button_two_bg_color__hover_enabled=&#8221;off&#8221;][\/et_pb_button][\/et_pb_column][\/et_pb_row][\/et_pb_section][et_pb_section fb_built=&#8221;1&#8243; disabled_on=&#8221;on|off|off&#8221; module_class=&#8221;badges&#8221; _builder_version=&#8221;4.22.1&#8243; _module_preset=&#8221;default&#8221; background_color=&#8221;RGBA(255,255,255,0)&#8221; background_image=&#8221;https:\/\/preprod.tocndix.com\/wp-content\/uploads\/2023\/09\/full-lines-2-14.svg&#8221; background_size=&#8221;contain&#8221; custom_padding=&#8221;||2px|||&#8221; da_disable_devices=&#8221;off|off|off&#8221; global_colors_info=&#8221;{}&#8221; da_is_popup=&#8221;off&#8221; da_exit_intent=&#8221;off&#8221; da_has_close=&#8221;on&#8221; da_alt_close=&#8221;off&#8221; da_dark_close=&#8221;off&#8221; da_not_modal=&#8221;on&#8221; da_is_singular=&#8221;off&#8221; da_with_loader=&#8221;off&#8221; da_has_shadow=&#8221;on&#8221;][et_pb_row use_custom_gutter=&#8221;on&#8221; gutter_width=&#8221;2&#8243; disabled_on=&#8221;on|on|off&#8221; _builder_version=&#8221;4.22.1&#8243; _module_preset=&#8221;default&#8221; background_color=&#8221;#FFFFFF&#8221; global_colors_info=&#8221;{}&#8221;][et_pb_column type=&#8221;4_4&#8243; _builder_version=&#8221;4.22.1&#8243; _module_preset=&#8221;default&#8221; global_colors_info=&#8221;{}&#8221;][et_pb_text _builder_version=&#8221;4.22.1&#8243; _module_preset=&#8221;default&#8221; header_3_font=&#8221;Albert Sans|600||on|||||&#8221; header_3_text_color=&#8221;gcid-f4734f53-07b0-41bc-9479-29f3dd377a29&#8243; header_3_font_size=&#8221;13px&#8221; header_3_letter_spacing=&#8221;1px&#8221; custom_margin=&#8221;||1px|||&#8221; global_colors_info=&#8221;{%22gcid-f4734f53-07b0-41bc-9479-29f3dd377a29%22:%91%22header_3_text_color%22%93}&#8221;]<\/p>\n<h3>Publications<\/h3>\n<p>[\/et_pb_text][et_pb_text _builder_version=&#8221;4.22.1&#8243; text_font=&#8221;||||||||&#8221; header_font=&#8221;||||||||&#8221; header_text_align=&#8221;left&#8221; header_text_color=&#8221;#2b2b2b&#8221; header_line_height=&#8221;1.3em&#8221; header_2_font=&#8221;Albert Sans|700|||||||&#8221; header_2_text_align=&#8221;left&#8221; header_2_text_color=&#8221;#2a2b3d&#8221; header_2_font_size=&#8221;38px&#8221; header_2_line_height=&#8221;1.2em&#8221; text_orientation=&#8221;center&#8221; module_alignment=&#8221;center&#8221; custom_margin=&#8221;||29px|||&#8221; header_2_font_size_tablet=&#8221;33px&#8221; header_2_font_size_phone=&#8221;30px&#8221; header_2_font_size_last_edited=&#8221;on|phone&#8221; locked=&#8221;off&#8221; global_colors_info=&#8221;{}&#8221;]<\/p>\n<h2>Communiqu\u00e9 de presse<\/h2>\n<p>[\/et_pb_text][et_pb_blog fullwidth=&#8221;off&#8221; include_categories=&#8221;69&#8243; show_author=&#8221;off&#8221; show_categories=&#8221;off&#8221; _builder_version=&#8221;4.22.1&#8243; _module_preset=&#8221;default&#8221; header_font=&#8221;Albert Sans|700|||||||&#8221; header_text_color=&#8221;gcid-4dccef5c-a04c-4e7c-abbe-b1e880c58010&#8243; header_font_size=&#8221;18px&#8221; header_line_height=&#8221;1.1em&#8221; body_font=&#8221;Albert-sans-Regular||||||||&#8221; body_font_size=&#8221;15px&#8221; meta_font=&#8221;Albert Sans||||||||&#8221; meta_text_color=&#8221;gcid-c0975ca2-e1e5-46af-92a9-7edc0a4a8da0&#8243; meta_font_size=&#8221;12px&#8221; meta_line_height=&#8221;1.3em&#8221; header_font_size_tablet=&#8221;18px&#8221; header_font_size_phone=&#8221;19px&#8221; header_font_size_last_edited=&#8221;on|desktop&#8221; border_color_all=&#8221;gcid-81c9469f-9f82-49f9-bf12-74ad515bd828&#8243; border_width_all_image=&#8221;1px&#8221; border_color_all_image=&#8221;rgba(108,137,229,0.25)&#8221; box_shadow_style=&#8221;preset2&#8243; box_shadow_horizontal=&#8221;0px&#8221; box_shadow_vertical=&#8221;0px&#8221; box_shadow_blur=&#8221;0px&#8221; box_shadow_color=&#8221;RGBA(255,255,255,0)&#8221; locked=&#8221;off&#8221; global_colors_info=&#8221;{%22gcid-81c9469f-9f82-49f9-bf12-74ad515bd828%22:%91%22border_color_all%22%93,%22gcid-c0975ca2-e1e5-46af-92a9-7edc0a4a8da0%22:%91%22meta_text_color%22,%22header_text_color__hover%22%93,%22gcid-4dccef5c-a04c-4e7c-abbe-b1e880c58010%22:%91%22header_text_color__hover%22,%22header_text_color%22%93,%22gcid-8c8ec2a5-170b-4f45-b8e5-66e7efcb0585%22:%91%22background_color__hover%22%93,%22gcid-08cf39a0-13ea-4dd3-8e9f-f417cc84cbec%22:%91%22body_text_color__hover%22%93,%22gcid-9770b7b6-2208-46d9-9d7d-560b7e1fda0e%22:%91%22box_shadow_color__hover%22%93}&#8221; header_text_color__hover_enabled=&#8221;on|desktop&#8221; header_text_color__hover=&#8221;#082125&#8243; box_shadow_horizontal__hover=&#8221;0px&#8221; box_shadow_horizontal__hover_enabled=&#8221;on|hover&#8221; box_shadow_vertical__hover=&#8221;0px&#8221; box_shadow_vertical__hover_enabled=&#8221;on|desktop&#8221; box_shadow_blur__hover=&#8221;14px&#8221; box_shadow_blur__hover_enabled=&#8221;on|desktop&#8221; box_shadow_color__hover=&#8221;rgba(211,222,229,0.64)&#8221; box_shadow_color__hover_enabled=&#8221;on|desktop&#8221; background__hover_enabled=&#8221;on|hover&#8221; box_shadow_spread__hover=&#8221;0px&#8221; box_shadow_spread__hover_enabled=&#8221;on|desktop&#8221; background_enable_color__hover=&#8221;off&#8221;][\/et_pb_blog][\/et_pb_column][\/et_pb_row][\/et_pb_section][et_pb_section fb_built=&#8221;1&#8243; _builder_version=&#8221;4.22.1&#8243; _module_preset=&#8221;default&#8221; background_color=&#8221;gcid-aa8ab6bb-6aae-4545-8323-e9f7c570e8d7&#8243; background_enable_image=&#8221;off&#8221; custom_padding=&#8221;28px||16px|||&#8221; da_disable_devices=&#8221;off|off|off&#8221; locked=&#8221;off&#8221; global_colors_info=&#8221;{%22gcid-aa8ab6bb-6aae-4545-8323-e9f7c570e8d7%22:%91%22background_color%22%93}&#8221; global_module=&#8221;13739&#8243; theme_builder_area=&#8221;post_content&#8221; da_is_popup=&#8221;off&#8221; da_exit_intent=&#8221;off&#8221; da_has_close=&#8221;on&#8221; da_alt_close=&#8221;off&#8221; da_dark_close=&#8221;off&#8221; da_not_modal=&#8221;on&#8221; da_is_singular=&#8221;off&#8221; da_with_loader=&#8221;off&#8221; da_has_shadow=&#8221;on&#8221;][et_pb_row _builder_version=&#8221;4.21.0&#8243; _module_preset=&#8221;default&#8221; custom_padding=&#8221;13px||6px|||&#8221; global_colors_info=&#8221;{}&#8221; theme_builder_area=&#8221;post_content&#8221;][et_pb_column type=&#8221;4_4&#8243; _builder_version=&#8221;4.21.0&#8243; _module_preset=&#8221;default&#8221; global_colors_info=&#8221;{}&#8221; theme_builder_area=&#8221;post_content&#8221;][et_pb_text _builder_version=&#8221;4.22.1&#8243; _module_preset=&#8221;default&#8221; header_6_font=&#8221;Albert Sans|600|||||||&#8221; header_6_text_align=&#8221;center&#8221; header_6_text_color=&#8221;gcid-f743be1f-46bf-4685-bc55-7e8b347eb98d&#8221; header_6_font_size=&#8221;26px&#8221; header_6_line_height=&#8221;1.2em&#8221; module_alignment=&#8221;center&#8221; custom_margin=&#8221;||5px|||&#8221; header_6_font_size_tablet=&#8221;22px&#8221; header_6_font_size_phone=&#8221;21px&#8221; header_6_font_size_last_edited=&#8221;on|tablet&#8221; header_6_line_height_tablet=&#8221;1.4em&#8221; header_6_line_height_phone=&#8221;1.3em&#8221; header_6_line_height_last_edited=&#8221;on|tablet&#8221; global_colors_info=&#8221;{%22gcid-f743be1f-46bf-4685-bc55-7e8b347eb98d%22:%91%22header_6_text_color%22%93}&#8221; theme_builder_area=&#8221;post_content&#8221;]<\/p>\n<h6>Vous avez un projet de d\u00e9veloppement?<br \/>Prenez RDV pour un \u00e9change gratuit avec nos consultants<\/h6>\n<p>[\/et_pb_text][et_pb_button button_url=&#8221;@ET-DC@eyJkeW5hbWljIjp0cnVlLCJjb250ZW50IjoicG9zdF9saW5rX3VybF9wYWdlIiwic2V0dGluZ3MiOnsicG9zdF9pZCI6Ijk3OTYifX0=@&#8221; button_text=&#8221;Contactez-nous&#8221; button_alignment=&#8221;center&#8221; _builder_version=&#8221;4.22.1&#8243; _dynamic_attributes=&#8221;button_url&#8221; custom_button=&#8221;on&#8221; button_text_size=&#8221;16px&#8221; button_text_color=&#8221;#ffffff&#8221; button_bg_color=&#8221;gcid-f4734f53-07b0-41bc-9479-29f3dd377a29&#8243; button_border_width=&#8221;0px&#8221; button_border_radius=&#8221;44px&#8221; button_letter_spacing=&#8221;0px&#8221; button_font=&#8221;Albert Sans|600|||||||&#8221; button_use_icon=&#8221;off&#8221; custom_margin=&#8221;6px||18px|||&#8221; custom_padding=&#8221;12px|28px|12px|28px&#8221; button_letter_spacing_hover=&#8221;2px&#8221; global_colors_info=&#8221;{%22gcid-f4734f53-07b0-41bc-9479-29f3dd377a29%22:%91%22button_bg_color%22%93}&#8221; button_text_size__hover_enabled=&#8221;off&#8221; button_one_text_size__hover_enabled=&#8221;off&#8221; button_two_text_size__hover_enabled=&#8221;off&#8221; button_text_color__hover_enabled=&#8221;off&#8221; button_one_text_color__hover_enabled=&#8221;off&#8221; button_two_text_color__hover_enabled=&#8221;off&#8221; button_border_width__hover_enabled=&#8221;off&#8221; button_one_border_width__hover_enabled=&#8221;off&#8221; button_two_border_width__hover_enabled=&#8221;off&#8221; button_border_color__hover_enabled=&#8221;off&#8221; button_one_border_color__hover_enabled=&#8221;off&#8221; button_two_border_color__hover_enabled=&#8221;off&#8221; button_border_radius__hover_enabled=&#8221;off&#8221; button_one_border_radius__hover_enabled=&#8221;off&#8221; button_two_border_radius__hover_enabled=&#8221;off&#8221; button_letter_spacing__hover_enabled=&#8221;on|hover&#8221; button_letter_spacing__hover=&#8221;0px&#8221; button_one_letter_spacing__hover_enabled=&#8221;off&#8221; button_two_letter_spacing__hover_enabled=&#8221;off&#8221; button_bg_color__hover_enabled=&#8221;off&#8221; button_one_bg_color__hover_enabled=&#8221;off&#8221; button_two_bg_color__hover_enabled=&#8221;off&#8221; theme_builder_area=&#8221;post_content&#8221;][\/et_pb_button][\/et_pb_column][\/et_pb_row][\/et_pb_section]<\/p>\n","protected":false},"excerpt":{"rendered":"<p>Communiqu\u00e9s de presse D\u00e9couvrez nos derni\u00e8res publications sur la transformation digitale et le low codePublicationsCommuniqu\u00e9 de presseVous avez un projet de d\u00e9veloppement?Prenez RDV pour un \u00e9change gratuit avec nos consultants<\/p>\n","protected":false},"author":5,"featured_media":0,"parent":0,"menu_order":0,"comment_status":"closed","ping_status":"closed","template":"","meta":{"_et_pb_use_builder":"on","_et_pb_old_content":"","_et_gb_content_width":"","inline_featured_image":false,"_exactmetrics_skip_tracking":false,"_exactmetrics_sitenote_active":false,"_exactmetrics_sitenote_note":"","_exactmetrics_sitenote_category":0,"footnotes":""},"class_list":["post-13827","page","type-page","status-publish","hentry"],"yoast_head":"<!-- This site is optimized with the Yoast SEO plugin v22.6 - https:\/\/yoast.com\/wordpress\/plugins\/seo\/ -->\n<title>Communiqu\u00e9s de presse - Tocndix<\/title>\n<meta name=\"robots\" content=\"noindex, follow, max-snippet:-1, max-image-preview:large, max-video-preview:-1\" \/>\n<meta property=\"og:locale\" content=\"fr_FR\" \/>\n<meta property=\"og:type\" content=\"article\" \/>\n<meta property=\"og:title\" content=\"Communiqu\u00e9s de presse - Tocndix\" \/>\n<meta property=\"og:description\" content=\"Communiqu\u00e9s de presse D\u00e9couvrez nos derni\u00e8res publications sur la transformation digitale et le low codePublicationsCommuniqu\u00e9 de presseVous avez un projet de d\u00e9veloppement?Prenez RDV pour un \u00e9change gratuit avec nos consultants\" \/>\n<meta property=\"og:url\" content=\"https:\/\/preprod.tocndix.com\/fr\/communiques-de-presse\/\" \/>\n<meta property=\"og:site_name\" content=\"Tocndix\" \/>\n<meta property=\"article:modified_time\" content=\"2024-05-06T12:38:50+00:00\" \/>\n<meta name=\"twitter:card\" content=\"summary_large_image\" \/>\n<script type=\"application\/ld+json\" class=\"yoast-schema-graph\">{\"@context\":\"https:\/\/schema.org\",\"@graph\":[{\"@type\":\"WebPage\",\"@id\":\"https:\/\/preprod.tocndix.com\/fr\/communiques-de-presse\/\",\"url\":\"https:\/\/preprod.tocndix.com\/fr\/communiques-de-presse\/\",\"name\":\"Communiqu\u00e9s de presse - Tocndix\",\"isPartOf\":{\"@id\":\"https:\/\/preprod.tocndix.com\/fr\/#website\"},\"datePublished\":\"2024-05-01T13:37:38+00:00\",\"dateModified\":\"2024-05-06T12:38:50+00:00\",\"breadcrumb\":{\"@id\":\"https:\/\/preprod.tocndix.com\/fr\/communiques-de-presse\/#breadcrumb\"},\"inLanguage\":\"fr-FR\",\"potentialAction\":[{\"@type\":\"ReadAction\",\"target\":[\"https:\/\/preprod.tocndix.com\/fr\/communiques-de-presse\/\"]}]},{\"@type\":\"BreadcrumbList\",\"@id\":\"https:\/\/preprod.tocndix.com\/fr\/communiques-de-presse\/#breadcrumb\",\"itemListElement\":[{\"@type\":\"ListItem\",\"position\":1,\"name\":\"Home\",\"item\":\"https:\/\/preprod.tocndix.com\/fr\/\"},{\"@type\":\"ListItem\",\"position\":2,\"name\":\"Communiqu\u00e9s de presse\"}]},{\"@type\":\"WebSite\",\"@id\":\"https:\/\/preprod.tocndix.com\/fr\/#website\",\"url\":\"https:\/\/preprod.tocndix.com\/fr\/\",\"name\":\"Tocndix\",\"description\":\"Your Fast Track to Digital Transformation\",\"potentialAction\":[{\"@type\":\"SearchAction\",\"target\":{\"@type\":\"EntryPoint\",\"urlTemplate\":\"https:\/\/preprod.tocndix.com\/fr\/?s={search_term_string}\"},\"query-input\":\"required name=search_term_string\"}],\"inLanguage\":\"fr-FR\"}]}<\/script>\n<!-- \/ Yoast SEO plugin. -->","yoast_head_json":{"title":"Communiqu\u00e9s de presse - Tocndix","robots":{"index":"noindex","follow":"follow","max-snippet":"max-snippet:-1","max-image-preview":"max-image-preview:large","max-video-preview":"max-video-preview:-1"},"og_locale":"fr_FR","og_type":"article","og_title":"Communiqu\u00e9s de presse - Tocndix","og_description":"Communiqu\u00e9s de presse D\u00e9couvrez nos derni\u00e8res publications sur la transformation digitale et le low codePublicationsCommuniqu\u00e9 de presseVous avez un projet de d\u00e9veloppement?Prenez RDV pour un \u00e9change gratuit avec nos consultants","og_url":"https:\/\/preprod.tocndix.com\/fr\/communiques-de-presse\/","og_site_name":"Tocndix","article_modified_time":"2024-05-06T12:38:50+00:00","twitter_card":"summary_large_image","schema":{"@context":"https:\/\/schema.org","@graph":[{"@type":"WebPage","@id":"https:\/\/preprod.tocndix.com\/fr\/communiques-de-presse\/","url":"https:\/\/preprod.tocndix.com\/fr\/communiques-de-presse\/","name":"Communiqu\u00e9s de presse - Tocndix","isPartOf":{"@id":"https:\/\/preprod.tocndix.com\/fr\/#website"},"datePublished":"2024-05-01T13:37:38+00:00","dateModified":"2024-05-06T12:38:50+00:00","breadcrumb":{"@id":"https:\/\/preprod.tocndix.com\/fr\/communiques-de-presse\/#breadcrumb"},"inLanguage":"fr-FR","potentialAction":[{"@type":"ReadAction","target":["https:\/\/preprod.tocndix.com\/fr\/communiques-de-presse\/"]}]},{"@type":"BreadcrumbList","@id":"https:\/\/preprod.tocndix.com\/fr\/communiques-de-presse\/#breadcrumb","itemListElement":[{"@type":"ListItem","position":1,"name":"Home","item":"https:\/\/preprod.tocndix.com\/fr\/"},{"@type":"ListItem","position":2,"name":"Communiqu\u00e9s de presse"}]},{"@type":"WebSite","@id":"https:\/\/preprod.tocndix.com\/fr\/#website","url":"https:\/\/preprod.tocndix.com\/fr\/","name":"Tocndix","description":"Your Fast Track to Digital Transformation","potentialAction":[{"@type":"SearchAction","target":{"@type":"EntryPoint","urlTemplate":"https:\/\/preprod.tocndix.com\/fr\/?s={search_term_string}"},"query-input":"required name=search_term_string"}],"inLanguage":"fr-FR"}]}},"_links":{"self":[{"href":"https:\/\/preprod.tocndix.com\/fr\/wp-json\/wp\/v2\/pages\/13827","targetHints":{"allow":["GET"]}}],"collection":[{"href":"https:\/\/preprod.tocndix.com\/fr\/wp-json\/wp\/v2\/pages"}],"about":[{"href":"https:\/\/preprod.tocndix.com\/fr\/wp-json\/wp\/v2\/types\/page"}],"author":[{"embeddable":true,"href":"https:\/\/preprod.tocndix.com\/fr\/wp-json\/wp\/v2\/users\/5"}],"replies":[{"embeddable":true,"href":"https:\/\/preprod.tocndix.com\/fr\/wp-json\/wp\/v2\/comments?post=13827"}],"version-history":[{"count":7,"href":"https:\/\/preprod.tocndix.com\/fr\/wp-json\/wp\/v2\/pages\/13827\/revisions"}],"predecessor-version":[{"id":14155,"href":"https:\/\/preprod.tocndix.com\/fr\/wp-json\/wp\/v2\/pages\/13827\/revisions\/14155"}],"wp:attachment":[{"href":"https:\/\/preprod.tocndix.com\/fr\/wp-json\/wp\/v2\/media?parent=13827"}],"curies":[{"name":"wp","href":"https:\/\/api.w.org\/{rel}","templated":true}]}}